{"id":33,"date":"2025-09-07T19:41:08","date_gmt":"2025-09-07T17:41:08","guid":{"rendered":"http:\/\/renatospera.fr\/?page_id=33"},"modified":"2025-09-07T19:45:21","modified_gmt":"2025-09-07T17:45:21","slug":"a-propos","status":"publish","type":"page","link":"http:\/\/renatospera.fr\/index.php\/a-propos\/","title":{"rendered":"\u00c0 propos"},"content":{"rendered":"\n<p>Renato Spera, artiste peintre autodidacte, expose depuis 20 ans dans la r\u00e9gion et un peu partout en France. Son \u0153uvre originale pr\u00eate \u00e0 la r\u00eaverie m\u00e9ditative. Les couleurs sont chaudes. les mati\u00e8res naturelles. Le style enfantin. L\u2019auteur veut simplement donner un peu de r\u00eave et po\u00e9sie.<br>L\u2019univers f\u00e9erique de Renato Spera se d\u00e9cline en diff\u00e9rents th\u00e8mes.<\/p>\n\n\n\n<p><\/p>\n\n\n\n<p><\/p>\n","protected":false},"excerpt":{"rendered":"<p>Renato Spera, artiste peintre autodidacte, expose depuis 20 ans dans la r\u00e9gion et un peu partout en France. Son \u0153uvre originale pr\u00eate \u00e0 la r\u00eaverie m\u00e9ditative. Les couleurs sont chaudes. les mati\u00e8res naturelles. Le style enfantin. L\u2019auteur veut simplement donner un peu de r\u00eave et po\u00e9sie.L\u2019univers f\u00e9erique de Renato Spera se d\u00e9cline en diff\u00e9rents th\u00e8mes.<\/p>\n","protected":false},"author":1,"featured_media":0,"parent":0,"menu_order":0,"comment_status":"closed","ping_status":"closed","template":"","meta":{"footnotes":""},"class_list":["post-33","page","type-page","status-publish","hentry"],"_links":{"self":[{"href":"http:\/\/renatospera.fr\/index.php\/wp-json\/wp\/v2\/pages\/33","targetHints":{"allow":["GET"]}}],"collection":[{"href":"http:\/\/renatospera.fr\/index.php\/wp-json\/wp\/v2\/pages"}],"about":[{"href":"http:\/\/renatospera.fr\/index.php\/wp-json\/wp\/v2\/types\/page"}],"author":[{"embeddable":true,"href":"http:\/\/renatospera.fr\/index.php\/wp-json\/wp\/v2\/users\/1"}],"replies":[{"embeddable":true,"href":"http:\/\/renatospera.fr\/index.php\/wp-json\/wp\/v2\/comments?post=33"}],"version-history":[{"count":4,"href":"http:\/\/renatospera.fr\/index.php\/wp-json\/wp\/v2\/pages\/33\/revisions"}],"predecessor-version":[{"id":38,"href":"http:\/\/renatospera.fr\/index.php\/wp-json\/wp\/v2\/pages\/33\/revisions\/38"}],"wp:attachment":[{"href":"http:\/\/renatospera.fr\/index.php\/wp-json\/wp\/v2\/media?parent=33"}],"curies":[{"name":"wp","href":"https:\/\/api.w.org\/{rel}","templated":true}]}}